{"id":582,"date":"2022-05-19T00:15:10","date_gmt":"2022-05-18T22:15:10","guid":{"rendered":"https:\/\/rapportannuel.hirondelle.org\/justice-et-droits-humains\/une-justice-internationale-en-quete-de-renouveau"},"modified":"2024-05-27T22:44:56","modified_gmt":"2024-05-27T20:44:56","slug":"an-international-justice-in-search-of-renewal","status":"publish","type":"page","link":"https:\/\/rapportannuel2023.hirondelle.org\/en\/contribution-of-the-media-to-peace-efforts\/an-international-justice-in-search-of-renewal","title":{"rendered":"Justice Info"},"content":{"rendered":"<p>[vc_row][vc_column width=&#8221;1\/3&#8243;][vc_single_image image=&#8221;483&#8243; img_size=&#8221;large&#8221; css=&#8221;.vc_custom_1652912224673{margin-top: 10px !important;margin-bottom: 25px !important;}&#8221; el_class=&#8221;fullWidthImageContainer&#8221;][vc_row_inner][vc_column_inner el_class=&#8221;floatingColumn&#8221;][vc_column_text]Justice Info website is the only international media to focus its coverage &#8212; free of charge and in five languages &#8212; on justice initiatives in countries facing the most serious violence: war crimes, crimes against humanity and genocide. It focuses on initiatives such as truth commissions, reparations, remembrance, reconciliation and universal jurisdiction.<\/p>\n<p>The role of Justice Info is to make these processes accessible, to democratize transitional justice, make it understandable, and enable dialogue between its actors and those it should serve. Over 200 articles are produced each year by some 30 correspondents plus experts around the world, providing a unique source of reports and debates on the experience of human societies in the face of mass violence.<\/p>\n<hr \/>\n<h4>Key Figures 2023<\/h4>\n<p><strong>456<\/strong> articles published<br \/>\n<strong>38<\/strong> correspondents trained around the world<br \/>\n<strong>500,000<\/strong> web users<br \/>\n<strong>130,000<\/strong> social network users<\/p>\n<hr \/>\n<h4>Financial Volume<\/h4>\n<p>473,571 CHF<\/p>\n<h4>Sources of Funding<\/h4>\n<p>\u2022 Switzerland (SDC Programme contribution)<br \/>\n\u2022 Fondation Isocrate<br \/>\n\u2022 Anonymous foundation<br \/>\n\u2022 Private donations<\/p>\n<hr \/>\n<p><a href=\"https:\/\/www.justiceinfo.net\" target=\"_blank\" rel=\"noopener\">justiceinfo.net<\/a>[\/vc_column_text][vc_raw_html]JTNDZGl2JTIwc3R5bGUlM0QlMjJtYXJnaW4tdG9wJTNBLTEwcHglM0IlMjIlM0UlMEElMjAlMjAlMjAlMjAlM0NhJTIwaHJlZiUzRCUyMmh0dHBzJTNBJTJGJTJGd3d3LmZhY2Vib29rLmNvbSUyRkp1c3RpY2VJbmZvJTIyJTIwdGFyZ2V0JTNEJTIyX2JsYW5rJTIyJTNFJTNDaSUyMHN0eWxlJTNEJTIyZm9udC1zaXplJTNBMjdweCUzQm1hcmdpbiUzQTAlMjAxMHB4JTIwMCUyMDAlM0IlMjIlMjBjbGFzcyUzRCUyMmZhLWJyYW5kcyUyMGZhLXNxdWFyZS1mYWNlYm9vayUyMiUzRSUzQyUyRmklM0UlM0MlMkZhJTNFJTBBJTIwJTIwJTIwJTIwJTNDYSUyMGhyZWYlM0QlMjJodHRwcyUzQSUyRiUyRnR3aXR0ZXIuY29tJTJGanVzdGljZWluZm9uZXQlMjIlMjB0YXJnZXQlM0QlMjJfYmxhbmslMjIlM0UlM0NpJTIwc3R5bGUlM0QlMjJmb250LXNpemUlM0EyN3B4JTNCbWFyZ2luJTNBMCUyMDEwcHglMjAwJTIwMCUzQiUyMiUyMGNsYXNzJTNEJTIyZmEtYnJhbmRzJTIwZmEtc3F1YXJlLXgtdHdpdHRlciUyMiUzRSUzQyUyRmklM0UlM0MlMkZhJTNFJTBBJTIwJTIwJTIwJTIwJTNDYSUyMGhyZWYlM0QlMjJodHRwcyUzQSUyRiUyRnd3dy55b3V0dWJlLmNvbSUyRmNoYW5uZWwlMkZVQ3lDRXNBUm9keXVXdGtXeWhuLWU3cEElMjIlMjB0YXJnZXQlM0QlMjJfYmxhbmslMjIlM0UlM0NpJTIwc3R5bGUlM0QlMjJmb250LXNpemUlM0EyN3B4JTNCbWFyZ2luJTNBMCUyMDEwcHglMjAwJTIwMCUzQiUyMiUyMGNsYXNzJTNEJTIyZmEtYnJhbmRzJTIwZmEtc3F1YXJlLXlvdXR1YmUlMjIlM0UlM0MlMkZpJTNFJTNDJTJGYSUzRSUwQSUzQyUyRmRpdiUzRQ==[\/vc_raw_html][\/vc_column_inner][\/vc_row_inner][\/vc_column][vc_column width=&#8221;2\/3&#8243;][vc_column_text]<\/p>\n<h2>COMPLEXITY AND EVOLUTION OF JUSTICE IN THE FACE OF MASS VIOLENCE<\/h2>\n<p>The world is witnessing a shift towards use of transitional justice in the West, whereas it had tended to be confined to the \u201cglobal South\u201d. This shift is due notably to the emergence of demands from indigenous peoples, collective awareness of environmental rights, the resurgence of issues concerning the colonial past, and the growing importance of universal jurisdiction.<\/p>\n<p>Justice Info coverage in 2023 was marked by several initiatives, such as a special issue devoted to \u201cenforced disappearances\u201d. The trial in Guinea of the September 28, 2009 massacre, which is closely followed in that country, received particular attention, as did the historic Swedish trial of two Lundin oil company executives for complicity in war crimes. Justice Info also continued its coverage of the vast transitional justice process in Colombia. In Ukraine, we continued to monitor war-related trials. Unprecedented coverage was set up to report on trials taking place in occupied territories or in Russia. The end of the year was marked by intense activity at the International Court of Justice in The Hague, notably on Palestine.<\/p>\n<blockquote><p><strong>Justice Info allows me to explore issues that are rarely addressed by the media in my country, which are obsessed with immediacy and headlines. I can relate the expectations of victims, tackle complex issues and reflect on the legitimacy of justice.<\/strong><br \/>\nAndr\u00e9s Berm\u00fadez Li\u00e9vano, Justice Info correspondent in Colombia<\/p><\/blockquote>\n<p>Consolidating an audience of 500,000 web users and 130,000 on social networks was a priority for Justice Info. Traffic is now of better quality and more stable, thanks to human investment in search engine optimisation (SEO), publishing methods and our archives.<\/p>\n<p>In 2023, the first meeting of Justice Info correspondents was held. Around ten international journalists met in Geneva for editorial exchanges. Justice Info has trained 38 Ukrainian journalists to cover war crimes trials.<\/p>\n<p>In the coming months, there are plans to produce major investigative reports in partnership with other media. The editorial team plans to launch a series of reports on Palestine. Justice Info will also be involved in covering a trial in Paris of personalities close to the Syrian regime. Finally, Justice Info plans to hold annual meetings of its correspondents in order to develop a collective strategy and capitalise on its diverse network.[\/vc_column_text][vc_single_image image=&#8221;1607&#8243; img_size=&#8221;full&#8221;][\/vc_column][vc_column][\/vc_column][\/vc_row]<\/p>\n","protected":false},"excerpt":{"rendered":"<p>[vc_row][vc_column width=&#8221;1\/3&#8243;][vc_single_image image=&#8221;483&#8243; img_size=&#8221;large&#8221; css=&#8221;.vc_custom_1652912224673{margin-top: 10px !important;margin-bottom: 25px !important;}&#8221; el_class=&#8221;fullWidthImageContainer&#8221;][vc_row_inner][vc_column_inner el_class=&#8221;floatingColumn&#8221;][vc_column_text]Justice Info website is the only international media to focus its coverage &#8212; free of charge and in five languages &#8212; on justice initiatives in countries facing the most serious violence: war crimes, crimes against humanity and genocide. It focuses on initiatives such as truth [&hellip;]<\/p>\n","protected":false},"author":6,"featured_media":1604,"parent":552,"menu_order":3,"comment_status":"closed","ping_status":"closed","template":"","meta":{"footnotes":""},"class_list":["post-582","page","type-page","status-publish","hentry"],"yoast_head":"<!-- This site is optimized with the Yoast SEO plugin v25.3.1 - https:\/\/yoast.com\/wordpress\/plugins\/seo\/ -->\n<title>Justice Info - Annual Report 2023 - Fondation Hirondelle<\/title>\n<meta name=\"robots\" content=\"index, follow, max-snippet:-1, max-image-preview:large, max-video-preview:-1\" \/>\n<link rel=\"canonical\" href=\"https:\/\/rapportannuel2023.hirondelle.org\/en\/contribution-of-the-media-to-peace-efforts\/an-international-justice-in-search-of-renewal\" \/>\n<meta property=\"og:locale\" content=\"en_US\" \/>\n<meta property=\"og:type\" content=\"article\" \/>\n<meta property=\"og:title\" content=\"Justice Info - Annual Report 2023 - Fondation Hirondelle\" \/>\n<meta property=\"og:description\" content=\"[vc_row][vc_column width=&#8221;1\/3&#8243;][vc_single_image image=&#8221;483&#8243; img_size=&#8221;large&#8221; css=&#8221;.vc_custom_1652912224673{margin-top: 10px !important;margin-bottom: 25px !important;}&#8221; el_class=&#8221;fullWidthImageContainer&#8221;][vc_row_inner][vc_column_inner el_class=&#8221;floatingColumn&#8221;][vc_column_text]Justice Info website is the only international media to focus its coverage &#8212; free of charge and in five languages &#8212; on justice initiatives in countries facing the most serious violence: war crimes, crimes against humanity and genocide. It focuses on initiatives such as truth [&hellip;]\" \/>\n<meta property=\"og:url\" content=\"https:\/\/rapportannuel2023.hirondelle.org\/en\/contribution-of-the-media-to-peace-efforts\/an-international-justice-in-search-of-renewal\" \/>\n<meta property=\"og:site_name\" content=\"Annual Report 2023 - Fondation Hirondelle\" \/>\n<meta property=\"article:modified_time\" content=\"2024-05-27T20:44:56+00:00\" \/>\n<meta property=\"og:image\" content=\"https:\/\/rapportannuel2023.hirondelle.org\/wp-content\/uploads\/2024\/05\/banner-justice-info.jpg\" \/>\n\t<meta property=\"og:image:width\" content=\"2000\" \/>\n\t<meta property=\"og:image:height\" content=\"1320\" \/>\n\t<meta property=\"og:image:type\" content=\"image\/jpeg\" \/>\n<meta name=\"twitter:card\" content=\"summary_large_image\" \/>\n<meta name=\"twitter:label1\" content=\"Est. reading time\" \/>\n\t<meta name=\"twitter:data1\" content=\"4 minutes\" \/>\n<script type=\"application\/ld+json\" class=\"yoast-schema-graph\">{\"@context\":\"https:\/\/schema.org\",\"@graph\":[{\"@type\":\"WebPage\",\"@id\":\"https:\/\/rapportannuel2023.hirondelle.org\/en\/contribution-of-the-media-to-peace-efforts\/an-international-justice-in-search-of-renewal\",\"url\":\"https:\/\/rapportannuel2023.hirondelle.org\/en\/contribution-of-the-media-to-peace-efforts\/an-international-justice-in-search-of-renewal\",\"name\":\"Justice Info - Annual Report 2023 - Fondation Hirondelle\",\"isPartOf\":{\"@id\":\"https:\/\/rapportannuel2023.hirondelle.org\/en#website\"},\"primaryImageOfPage\":{\"@id\":\"https:\/\/rapportannuel2023.hirondelle.org\/en\/contribution-of-the-media-to-peace-efforts\/an-international-justice-in-search-of-renewal#primaryimage\"},\"image\":{\"@id\":\"https:\/\/rapportannuel2023.hirondelle.org\/en\/contribution-of-the-media-to-peace-efforts\/an-international-justice-in-search-of-renewal#primaryimage\"},\"thumbnailUrl\":\"https:\/\/rapportannuel2023.hirondelle.org\/wp-content\/uploads\/2024\/05\/banner-justice-info.jpg\",\"datePublished\":\"2022-05-18T22:15:10+00:00\",\"dateModified\":\"2024-05-27T20:44:56+00:00\",\"breadcrumb\":{\"@id\":\"https:\/\/rapportannuel2023.hirondelle.org\/en\/contribution-of-the-media-to-peace-efforts\/an-international-justice-in-search-of-renewal#breadcrumb\"},\"inLanguage\":\"en-US\",\"potentialAction\":[{\"@type\":\"ReadAction\",\"target\":[\"https:\/\/rapportannuel2023.hirondelle.org\/en\/contribution-of-the-media-to-peace-efforts\/an-international-justice-in-search-of-renewal\"]}]},{\"@type\":\"ImageObject\",\"inLanguage\":\"en-US\",\"@id\":\"https:\/\/rapportannuel2023.hirondelle.org\/en\/contribution-of-the-media-to-peace-efforts\/an-international-justice-in-search-of-renewal#primaryimage\",\"url\":\"https:\/\/rapportannuel2023.hirondelle.org\/wp-content\/uploads\/2024\/05\/banner-justice-info.jpg\",\"contentUrl\":\"https:\/\/rapportannuel2023.hirondelle.org\/wp-content\/uploads\/2024\/05\/banner-justice-info.jpg\",\"width\":2000,\"height\":1320,\"caption\":\"Illustration for Justice Info\u2019s special report on \u201cthe disappeared who will never be forgotten\u201d \u00a9 Marina Margarina for Justice Info.\"},{\"@type\":\"BreadcrumbList\",\"@id\":\"https:\/\/rapportannuel2023.hirondelle.org\/en\/contribution-of-the-media-to-peace-efforts\/an-international-justice-in-search-of-renewal#breadcrumb\",\"itemListElement\":[{\"@type\":\"ListItem\",\"position\":1,\"name\":\"Media Contribution to Peace Efforts\",\"item\":\"https:\/\/rapportannuel2023.hirondelle.org\/en\/contribution-of-the-media-to-peace-efforts\"},{\"@type\":\"ListItem\",\"position\":2,\"name\":\"Justice Info\"}]},{\"@type\":\"WebSite\",\"@id\":\"https:\/\/rapportannuel2023.hirondelle.org\/en#website\",\"url\":\"https:\/\/rapportannuel2023.hirondelle.org\/en\",\"name\":\"Annual Report 2023 - Fondation Hirondelle\",\"description\":\"\",\"potentialAction\":[{\"@type\":\"SearchAction\",\"target\":{\"@type\":\"EntryPoint\",\"urlTemplate\":\"https:\/\/rapportannuel2023.hirondelle.org\/en?s={search_term_string}\"},\"query-input\":{\"@type\":\"PropertyValueSpecification\",\"valueRequired\":true,\"valueName\":\"search_term_string\"}}],\"inLanguage\":\"en-US\"}]}<\/script>\n<!-- \/ Yoast SEO plugin. -->","yoast_head_json":{"title":"Justice Info - Annual Report 2023 - Fondation Hirondelle","robots":{"index":"index","follow":"follow","max-snippet":"max-snippet:-1","max-image-preview":"max-image-preview:large","max-video-preview":"max-video-preview:-1"},"canonical":"https:\/\/rapportannuel2023.hirondelle.org\/en\/contribution-of-the-media-to-peace-efforts\/an-international-justice-in-search-of-renewal","og_locale":"en_US","og_type":"article","og_title":"Justice Info - Annual Report 2023 - Fondation Hirondelle","og_description":"[vc_row][vc_column width=&#8221;1\/3&#8243;][vc_single_image image=&#8221;483&#8243; img_size=&#8221;large&#8221; css=&#8221;.vc_custom_1652912224673{margin-top: 10px !important;margin-bottom: 25px !important;}&#8221; el_class=&#8221;fullWidthImageContainer&#8221;][vc_row_inner][vc_column_inner el_class=&#8221;floatingColumn&#8221;][vc_column_text]Justice Info website is the only international media to focus its coverage &#8212; free of charge and in five languages &#8212; on justice initiatives in countries facing the most serious violence: war crimes, crimes against humanity and genocide. It focuses on initiatives such as truth [&hellip;]","og_url":"https:\/\/rapportannuel2023.hirondelle.org\/en\/contribution-of-the-media-to-peace-efforts\/an-international-justice-in-search-of-renewal","og_site_name":"Annual Report 2023 - Fondation Hirondelle","article_modified_time":"2024-05-27T20:44:56+00:00","og_image":[{"width":2000,"height":1320,"url":"https:\/\/rapportannuel2023.hirondelle.org\/wp-content\/uploads\/2024\/05\/banner-justice-info.jpg","type":"image\/jpeg"}],"twitter_card":"summary_large_image","twitter_misc":{"Est. reading time":"4 minutes"},"schema":{"@context":"https:\/\/schema.org","@graph":[{"@type":"WebPage","@id":"https:\/\/rapportannuel2023.hirondelle.org\/en\/contribution-of-the-media-to-peace-efforts\/an-international-justice-in-search-of-renewal","url":"https:\/\/rapportannuel2023.hirondelle.org\/en\/contribution-of-the-media-to-peace-efforts\/an-international-justice-in-search-of-renewal","name":"Justice Info - Annual Report 2023 - Fondation Hirondelle","isPartOf":{"@id":"https:\/\/rapportannuel2023.hirondelle.org\/en#website"},"primaryImageOfPage":{"@id":"https:\/\/rapportannuel2023.hirondelle.org\/en\/contribution-of-the-media-to-peace-efforts\/an-international-justice-in-search-of-renewal#primaryimage"},"image":{"@id":"https:\/\/rapportannuel2023.hirondelle.org\/en\/contribution-of-the-media-to-peace-efforts\/an-international-justice-in-search-of-renewal#primaryimage"},"thumbnailUrl":"https:\/\/rapportannuel2023.hirondelle.org\/wp-content\/uploads\/2024\/05\/banner-justice-info.jpg","datePublished":"2022-05-18T22:15:10+00:00","dateModified":"2024-05-27T20:44:56+00:00","breadcrumb":{"@id":"https:\/\/rapportannuel2023.hirondelle.org\/en\/contribution-of-the-media-to-peace-efforts\/an-international-justice-in-search-of-renewal#breadcrumb"},"inLanguage":"en-US","potentialAction":[{"@type":"ReadAction","target":["https:\/\/rapportannuel2023.hirondelle.org\/en\/contribution-of-the-media-to-peace-efforts\/an-international-justice-in-search-of-renewal"]}]},{"@type":"ImageObject","inLanguage":"en-US","@id":"https:\/\/rapportannuel2023.hirondelle.org\/en\/contribution-of-the-media-to-peace-efforts\/an-international-justice-in-search-of-renewal#primaryimage","url":"https:\/\/rapportannuel2023.hirondelle.org\/wp-content\/uploads\/2024\/05\/banner-justice-info.jpg","contentUrl":"https:\/\/rapportannuel2023.hirondelle.org\/wp-content\/uploads\/2024\/05\/banner-justice-info.jpg","width":2000,"height":1320,"caption":"Illustration for Justice Info\u2019s special report on \u201cthe disappeared who will never be forgotten\u201d \u00a9 Marina Margarina for Justice Info."},{"@type":"BreadcrumbList","@id":"https:\/\/rapportannuel2023.hirondelle.org\/en\/contribution-of-the-media-to-peace-efforts\/an-international-justice-in-search-of-renewal#breadcrumb","itemListElement":[{"@type":"ListItem","position":1,"name":"Media Contribution to Peace Efforts","item":"https:\/\/rapportannuel2023.hirondelle.org\/en\/contribution-of-the-media-to-peace-efforts"},{"@type":"ListItem","position":2,"name":"Justice Info"}]},{"@type":"WebSite","@id":"https:\/\/rapportannuel2023.hirondelle.org\/en#website","url":"https:\/\/rapportannuel2023.hirondelle.org\/en","name":"Annual Report 2023 - Fondation Hirondelle","description":"","potentialAction":[{"@type":"SearchAction","target":{"@type":"EntryPoint","urlTemplate":"https:\/\/rapportannuel2023.hirondelle.org\/en?s={search_term_string}"},"query-input":{"@type":"PropertyValueSpecification","valueRequired":true,"valueName":"search_term_string"}}],"inLanguage":"en-US"}]}},"_links":{"self":[{"href":"https:\/\/rapportannuel2023.hirondelle.org\/en\/wp-json\/wp\/v2\/pages\/582","targetHints":{"allow":["GET"]}}],"collection":[{"href":"https:\/\/rapportannuel2023.hirondelle.org\/en\/wp-json\/wp\/v2\/pages"}],"about":[{"href":"https:\/\/rapportannuel2023.hirondelle.org\/en\/wp-json\/wp\/v2\/types\/page"}],"author":[{"embeddable":true,"href":"https:\/\/rapportannuel2023.hirondelle.org\/en\/wp-json\/wp\/v2\/users\/6"}],"replies":[{"embeddable":true,"href":"https:\/\/rapportannuel2023.hirondelle.org\/en\/wp-json\/wp\/v2\/comments?post=582"}],"version-history":[{"count":8,"href":"https:\/\/rapportannuel2023.hirondelle.org\/en\/wp-json\/wp\/v2\/pages\/582\/revisions"}],"predecessor-version":[{"id":1354,"href":"https:\/\/rapportannuel2023.hirondelle.org\/en\/wp-json\/wp\/v2\/pages\/582\/revisions\/1354"}],"up":[{"embeddable":true,"href":"https:\/\/rapportannuel2023.hirondelle.org\/en\/wp-json\/wp\/v2\/pages\/552"}],"wp:featuredmedia":[{"embeddable":true,"href":"https:\/\/rapportannuel2023.hirondelle.org\/en\/wp-json\/wp\/v2\/media\/1604"}],"wp:attachment":[{"href":"https:\/\/rapportannuel2023.hirondelle.org\/en\/wp-json\/wp\/v2\/media?parent=582"}],"curies":[{"name":"wp","href":"https:\/\/api.w.org\/{rel}","templated":true}]}}